{"id":9,"date":"2024-09-01T10:06:48","date_gmt":"2024-09-01T10:06:48","guid":{"rendered":"https:\/\/cervesers.cat\/?page_id=9"},"modified":"2025-03-09T09:33:36","modified_gmt":"2025-03-09T09:33:36","slug":"cervesers-catalunya","status":"publish","type":"page","link":"https:\/\/cervesers.cat\/es\/cervesers-catalunya\/","title":{"rendered":"Quienes Somos"},"content":{"rendered":"<p>[et_pb_section fb_built=\u00bb1&#8243; _builder_version=\u00bb4.16&#8243; _module_preset=\u00bbdefault\u00bb custom_padding=\u00bb0px||2px|||\u00bb global_colors_info=\u00bb{}\u00bb][et_pb_row _builder_version=\u00bb4.27.0&#8243; _module_preset=\u00bbdefault\u00bb background_color=\u00bbgcid-9eed9fb9-79ce-4298-90c2-c076c4978aa2&#8243; width=\u00bb100%\u00bb max_width=\u00bb2560px\u00bb min_height=\u00bb639.5px\u00bb custom_padding=\u00bb3px||0px|||\u00bb global_colors_info=\u00bb{%22gcid-9eed9fb9-79ce-4298-90c2-c076c4978aa2%22:%91%22background_color%22%93}\u00bb][et_pb_column type=\u00bb4_4&#8243; _builder_version=\u00bb4.16&#8243; _module_preset=\u00bbdefault\u00bb global_colors_info=\u00bb{}\u00bb][et_pb_heading title=\u00bbCervesers Artesans de Catalunya\u00bb _builder_version=\u00bb4.27.0&#8243; _module_preset=\u00bbdefault\u00bb title_font=\u00bb|800|||||||\u00bb title_text_align=\u00bbcenter\u00bb title_text_color=\u00bbgcid-728c9091-ba98-4dd8-98d3-852b3f57fee1&#8243; title_font_size=\u00bb85px\u00bb background_color=\u00bbRGBA(255,255,255,0)\u00bb custom_margin=\u00bb27px||||false|false\u00bb title_font_size_tablet=\u00bb85px\u00bb title_font_size_phone=\u00bb67px\u00bb title_font_size_last_edited=\u00bbon|phone\u00bb global_colors_info=\u00bb{%22gcid-728c9091-ba98-4dd8-98d3-852b3f57fee1%22:%91%22title_text_color%22%93}\u00bb][\/et_pb_heading][et_pb_slider _builder_version=\u00bb4.27.0&#8243; _module_preset=\u00bbdefault\u00bb background_size=\u00bbcontain\u00bb background_blend=\u00bbcolor\u00bb custom_button=\u00bbon\u00bb min_height=\u00bb375.8px\u00bb custom_padding=\u00bb55px|||||\u00bb animation_style=\u00bbfade\u00bb auto=\u00bbon\u00bb auto_ignore_hover=\u00bbon\u00bb global_colors_info=\u00bb{}\u00bb][et_pb_slide heading=\u00bbLAS MEJORES CERVEZAS ARTESANAS DE BARCELONA\u00bb button_text=\u00bbTIENDA\u00bb button_link=\u00bb#1&#8243; use_bg_overlay=\u00bboff\u00bb use_text_overlay=\u00bbon\u00bb text_overlay_color=\u00bbrgba(183,49,37,0.76)\u00bb text_border_radius=\u00bb100px\u00bb _builder_version=\u00bb4.27.0&#8243; _module_preset=\u00bbdefault\u00bb background_color=\u00bbRGBA(255,255,255,0)\u00bb background_enable_color=\u00bbon\u00bb background_image=\u00bbhttps:\/\/cervesers.cat\/wp-content\/uploads\/2024\/09\/cabecera-cerveza-artesana.jpg.avif\u00bb background_enable_image=\u00bbon\u00bb parallax=\u00bbon\u00bb custom_button=\u00bbon\u00bb button_text_color=\u00bbgcid-9eed9fb9-79ce-4298-90c2-c076c4978aa2&#8243; button_bg_color=\u00bbgcid-bd4c8538-7c53-4347-af9b-c50f7481a855&#8243; button_border_color=\u00bbgcid-9eed9fb9-79ce-4298-90c2-c076c4978aa2&#8243; button_border_radius=\u00bb20px\u00bb button_font=\u00bb|700|||||||\u00bb link_option_url=\u00bb#1&#8243; global_colors_info=\u00bb{%22gcid-9eed9fb9-79ce-4298-90c2-c076c4978aa2%22:%91%22button_border_color%22,%22button_text_color%22%93,%22gcid-bd4c8538-7c53-4347-af9b-c50f7481a855%22:%91%22button_bg_color%22%93}\u00bb sticky_transition=\u00bbon\u00bb]<\/p>\n<p>VIVE LA EXPERIENCIA DE LA CERVEZA ARTESANA FABRICADA EN BARCELONA CON LOS MEJORES PRODUCTOS Y CON LOS MEJORES MAESTROS CERVECEROS DE POBLENOU<\/p>\n<p>[\/et_pb_slide][et_pb_slide heading=\u00bbEscoge tu cerveza artesana favorita\u00bb button_text=\u00bbVISITA NUESTRA TIENDA\u00bb button_link=\u00bb#1&#8243; use_bg_overlay=\u00bboff\u00bb use_text_overlay=\u00bbon\u00bb text_overlay_color=\u00bb#b73125&#8243; text_border_radius=\u00bb100px\u00bb text_overlay_color_tablet=\u00bb#b73125&#8243; text_overlay_color_phone=\u00bb#b73125&#8243; text_overlay_color_last_edited=\u00bbon|desktop\u00bb _builder_version=\u00bb4.27.0&#8243; _module_preset=\u00bbdefault\u00bb background_image=\u00bbhttps:\/\/cervesers.cat\/wp-content\/uploads\/2024\/09\/four-glasses-different-beers-on-600nw-81784003.webp\u00bb background_enable_image=\u00bbon\u00bb parallax=\u00bbon\u00bb custom_button=\u00bbon\u00bb button_text_color=\u00bbgcid-9eed9fb9-79ce-4298-90c2-c076c4978aa2&#8243; button_bg_color=\u00bbgcid-bd4c8538-7c53-4347-af9b-c50f7481a855&#8243; button_border_color=\u00bbgcid-728c9091-ba98-4dd8-98d3-852b3f57fee1&#8243; button_border_radius=\u00bb20px\u00bb button_font=\u00bb|700|||||||\u00bb global_colors_info=\u00bb{%22gcid-9eed9fb9-79ce-4298-90c2-c076c4978aa2%22:%91%22button_text_color%22%93,%22gcid-bd4c8538-7c53-4347-af9b-c50f7481a855%22:%91%22button_bg_color%22%93,%22gcid-728c9091-ba98-4dd8-98d3-852b3f57fee1%22:%91%22button_border_color%22%93}\u00bb sticky_transition=\u00bbon\u00bb]<\/p>\n<p>Nosotros nos encargamos de llev\u00e1rtela<\/p>\n<p>[\/et_pb_slide][\/et_pb_slider][\/et_pb_column][\/et_pb_row][\/et_pb_section][et_pb_section fb_built=\u00bb1&#8243; _builder_version=\u00bb4.27.0&#8243; _module_preset=\u00bbdefault\u00bb global_colors_info=\u00bb{}\u00bb][et_pb_row column_structure=\u00bb2_5,3_5&#8243; _builder_version=\u00bb4.27.0&#8243; _module_preset=\u00bbdefault\u00bb global_colors_info=\u00bb{}\u00bb][et_pb_column type=\u00bb2_5&#8243; _builder_version=\u00bb4.27.0&#8243; _module_preset=\u00bbdefault\u00bb global_colors_info=\u00bb{}\u00bb][et_pb_text _builder_version=\u00bb4.27.0&#8243; _module_preset=\u00bbdefault\u00bb header_2_font=\u00bb|800|||||||\u00bb header_2_font_size=\u00bb30px\u00bb global_colors_info=\u00bb{}\u00bb]<\/p>\n<h2><strong>Descubre un Recuerdo Delicioso en Poblenou<\/strong><\/h2>\n<p>&nbsp;<\/p>\n<p>En <strong>Cervesers y <a href=\"http:\/\/lacerveseradelpoblenou.cat\/\" target=\"_blank\" rel=\"noopener\" title=\"La Cervecera del Poblenou\">La Cervecera del Poblenou<\/a><\/strong>, situados en el emblem\u00e1tico barrio de <strong>Poblenou<\/strong>, en el distrito de <strong>Sant Mart\u00ed de Proven\u00e7als<\/strong>, en Barcelona, te invitamos a sumergirte en el mundo de las <strong>cervezas artesanales<\/strong>. No solo elaboramos cervezas de alta calidad, incluyendo opciones <strong>sin gluten<\/strong>, sino que tambi\u00e9n te ofrecemos la oportunidad de disfrutar de ellas en el mismo lugar donde las creamos.<\/p>\n<p>&nbsp;<\/p>\n<p>[\/et_pb_text][\/et_pb_column][et_pb_column type=\u00bb3_5&#8243; _builder_version=\u00bb4.27.0&#8243; _module_preset=\u00bbdefault\u00bb global_colors_info=\u00bb{}\u00bb][et_pb_image src=\u00bbhttps:\/\/cervesers.cat\/wp-content\/uploads\/2024\/09\/slide04.jpg\u00bb title_text=\u00bbslide04&#8243; _builder_version=\u00bb4.27.0&#8243; _module_preset=\u00bbdefault\u00bb global_colors_info=\u00bb{}\u00bb][\/et_pb_image][\/et_pb_column][\/et_pb_row][et_pb_row column_structure=\u00bb3_5,2_5&#8243; _builder_version=\u00bb4.27.0&#8243; _module_preset=\u00bbdefault\u00bb global_colors_info=\u00bb{}\u00bb][et_pb_column type=\u00bb3_5&#8243; _builder_version=\u00bb4.27.0&#8243; _module_preset=\u00bbdefault\u00bb global_colors_info=\u00bb{}\u00bb][et_pb_image src=\u00bbhttps:\/\/cervesers.cat\/wp-content\/uploads\/2024\/09\/Foto-cervezas-dentro.jpg\u00bb title_text=\u00bbFoto cervezas dentro\u00bb disabled_on=\u00bbon|off|off\u00bb _builder_version=\u00bb4.27.0&#8243; _module_preset=\u00bbdefault\u00bb global_colors_info=\u00bb{}\u00bb][\/et_pb_image][\/et_pb_column][et_pb_column type=\u00bb2_5&#8243; _builder_version=\u00bb4.27.0&#8243; _module_preset=\u00bbdefault\u00bb global_colors_info=\u00bb{}\u00bb][et_pb_text _builder_version=\u00bb4.27.0&#8243; _module_preset=\u00bbdefault\u00bb min_height=\u00bb115px\u00bb global_colors_info=\u00bb{}\u00bb]<\/p>\n<h2><strong>Experiencias \u00danicas Todos los Fines de Semana<\/strong><\/h2>\n<p>&nbsp;<\/p>\n<p>\u00danete a nosotros todos los <strong>viernes y s\u00e1bados no festivos<\/strong> para disfrutar de nuestras <strong>experiencias de catas de cervezas artesanas<\/strong>, maridajes exclusivos y visitas guiadas a nuestra f\u00e1brica de cervezas artesanas en Barcelona. Es una oportunidad perfecta para conocer de cerca el proceso de elaboraci\u00f3n y descubrir qu\u00e9 nos hace \u00fanicos en el coraz\u00f3n de <strong>Barcelona<\/strong>.<\/p>\n<p>[\/et_pb_text][et_pb_image src=\u00bbhttps:\/\/cervesers.cat\/wp-content\/uploads\/2024\/09\/Foto-cervezas-dentro.jpg\u00bb title_text=\u00bbFoto cervezas dentro\u00bb disabled_on=\u00bboff|on|on\u00bb _builder_version=\u00bb4.27.0&#8243; _module_preset=\u00bbdefault\u00bb global_colors_info=\u00bb{}\u00bb][\/et_pb_image][\/et_pb_column][\/et_pb_row][et_pb_row column_structure=\u00bb2_5,3_5&#8243; _builder_version=\u00bb4.27.0&#8243; _module_preset=\u00bbdefault\u00bb global_colors_info=\u00bb{}\u00bb][et_pb_column type=\u00bb2_5&#8243; _builder_version=\u00bb4.27.0&#8243; _module_preset=\u00bbdefault\u00bb global_colors_info=\u00bb{}\u00bb][et_pb_text _builder_version=\u00bb4.27.0&#8243; _module_preset=\u00bbdefault\u00bb custom_margin=\u00bb83px|||||\u00bb global_colors_info=\u00bb{}\u00bb]<\/p>\n<h2><strong>\u00bfEres Productor de Cerveza?<\/strong><\/h2>\n<p>Si eres un productor de cervezas artesanales y buscas un lugar para elaborar tus cervezas, nuestras instalaciones est\u00e1n equipadas con todo lo necesario para llevar tu proyecto al siguiente nivel.<\/p>\n<p>[\/et_pb_text][\/et_pb_column][et_pb_column type=\u00bb3_5&#8243; _builder_version=\u00bb4.27.0&#8243; _module_preset=\u00bbdefault\u00bb global_colors_info=\u00bb{}\u00bb][et_pb_image src=\u00bbhttps:\/\/cervesers.cat\/wp-content\/uploads\/2024\/09\/slide02.jpg\u00bb title_text=\u00bbslide02&#8243; _builder_version=\u00bb4.27.0&#8243; _module_preset=\u00bbdefault\u00bb global_colors_info=\u00bb{}\u00bb][\/et_pb_image][\/et_pb_column][\/et_pb_row][\/et_pb_section][et_pb_section fb_built=\u00bb1&#8243; _builder_version=\u00bb4.27.0&#8243; _module_preset=\u00bbdefault\u00bb global_colors_info=\u00bb{}\u00bb][et_pb_row _builder_version=\u00bb4.27.0&#8243; _module_preset=\u00bbdefault\u00bb global_colors_info=\u00bb{}\u00bb][et_pb_column type=\u00bb4_4&#8243; _builder_version=\u00bb4.27.0&#8243; _module_preset=\u00bbdefault\u00bb global_colors_info=\u00bb{}\u00bb][et_pb_heading title=\u00bbQuienes Somos\u00bb _builder_version=\u00bb4.27.0&#8243; _module_preset=\u00bbdefault\u00bb title_level=\u00bbh2&#8243; title_font=\u00bb|800|||||||\u00bb global_colors_info=\u00bb{}\u00bb][\/et_pb_heading][\/et_pb_column][\/et_pb_row][et_pb_row column_structure=\u00bb1_2,1_2&#8243; _builder_version=\u00bb4.27.0&#8243; _module_preset=\u00bbdefault\u00bb global_colors_info=\u00bb{}\u00bb][et_pb_column type=\u00bb1_2&#8243; _builder_version=\u00bb4.27.0&#8243; _module_preset=\u00bbdefault\u00bb global_colors_info=\u00bb{}\u00bb][et_pb_image src=\u00bbhttps:\/\/cervesers.cat\/wp-content\/uploads\/2024\/09\/birrae-1.jpg\u00bb alt=\u00bbBirra Birrae\u00bb title_text=\u00bbBirra Birrae\u00bb align=\u00bbcenter\u00bb _builder_version=\u00bb4.27.0&#8243; _module_preset=\u00bbdefault\u00bb global_colors_info=\u00bb{}\u00bb][\/et_pb_image][\/et_pb_column][et_pb_column type=\u00bb1_2&#8243; _builder_version=\u00bb4.27.0&#8243; _module_preset=\u00bbdefault\u00bb global_colors_info=\u00bb{}\u00bb][et_pb_heading title=\u00bbBirra Birrae\u00bb _builder_version=\u00bb4.27.0&#8243; _module_preset=\u00bbdefault\u00bb title_level=\u00bbh3&#8243; title_font=\u00bb|700|||||||\u00bb global_colors_info=\u00bb{}\u00bb][\/et_pb_heading][et_pb_text _builder_version=\u00bb4.27.0&#8243; _module_preset=\u00bbdefault\u00bb global_colors_info=\u00bb{}\u00bb]<\/p>\n<p><span>Comercio de referencia del barrio del Clot de Barcelona, difundimos la cerveza artesana con catas, venta de cervezas artesanas y organizaci\u00f3n de eventos de car\u00e1cter local y regional. Tambi\u00e9n elaboramos nuestras propias recetas.<\/span><\/p>\n<p>[\/et_pb_text][\/et_pb_column][\/et_pb_row][et_pb_row column_structure=\u00bb1_2,1_2&#8243; _builder_version=\u00bb4.27.0&#8243; _module_preset=\u00bbdefault\u00bb global_colors_info=\u00bb{}\u00bb][et_pb_column type=\u00bb1_2&#8243; _builder_version=\u00bb4.27.0&#8243; _module_preset=\u00bbdefault\u00bb global_colors_info=\u00bb{}\u00bb][et_pb_image src=\u00bbhttps:\/\/cervesers.cat\/wp-content\/uploads\/2024\/09\/cjk-1.jpg\u00bb alt=\u00bbBirra Birrae\u00bb title_text=\u00bbcjk-1&#8243; align=\u00bbcenter\u00bb _builder_version=\u00bb4.27.0&#8243; _module_preset=\u00bbdefault\u00bb global_colors_info=\u00bb{}\u00bb][\/et_pb_image][\/et_pb_column][et_pb_column type=\u00bb1_2&#8243; _builder_version=\u00bb4.27.0&#8243; _module_preset=\u00bbdefault\u00bb global_colors_info=\u00bb{}\u00bb][et_pb_heading title=\u00bbCervesera Ecol\u00f2gica i Sostenible Catalana\u00bb _builder_version=\u00bb4.27.0&#8243; _module_preset=\u00bbdefault\u00bb title_level=\u00bbh3&#8243; title_font=\u00bb|700|||||||\u00bb global_colors_info=\u00bb{}\u00bb][\/et_pb_heading][et_pb_text _builder_version=\u00bb4.27.0&#8243; _module_preset=\u00bbdefault\u00bb global_colors_info=\u00bb{}\u00bb]<\/p>\n<p><span>Del barrio de Poblenou de Barcelona, desde 2014 elaboramos cervezas 100% ecol\u00f3gicas certificadas, con las marcas CESC y JK. Apuestamos por el producto local y la distribuci\u00f3n de proximidad, y tambi\u00e9n en entidades sociales como las cooperativas locales de cerveceros de Barcelona.<\/span><\/p>\n<p>[\/et_pb_text][\/et_pb_column][\/et_pb_row][et_pb_row column_structure=\u00bb1_2,1_2&#8243; _builder_version=\u00bb4.27.0&#8243; _module_preset=\u00bbdefault\u00bb global_colors_info=\u00bb{}\u00bb][et_pb_column type=\u00bb1_2&#8243; _builder_version=\u00bb4.27.0&#8243; _module_preset=\u00bbdefault\u00bb global_colors_info=\u00bb{}\u00bb][et_pb_image src=\u00bbhttps:\/\/cervesers.cat\/wp-content\/uploads\/2024\/09\/barret-1.jpg\u00bb alt=\u00bbBarret Cerveses\u00bb title_text=\u00bbBarret Cerveses\u00bb align=\u00bbcenter\u00bb _builder_version=\u00bb4.27.0&#8243; _module_preset=\u00bbdefault\u00bb global_colors_info=\u00bb{}\u00bb][\/et_pb_image][\/et_pb_column][et_pb_column type=\u00bb1_2&#8243; _builder_version=\u00bb4.27.0&#8243; _module_preset=\u00bbdefault\u00bb global_colors_info=\u00bb{}\u00bb][et_pb_heading title=\u00bbCerveses Barret\u00bb _builder_version=\u00bb4.27.0&#8243; _module_preset=\u00bbdefault\u00bb title_level=\u00bbh3&#8243; title_font=\u00bb|700|||||||\u00bb global_colors_info=\u00bb{}\u00bb][\/et_pb_heading][et_pb_text _builder_version=\u00bb4.27.0&#8243; _module_preset=\u00bbdefault\u00bb global_colors_info=\u00bb{}\u00bb]<\/p>\n<p><span>Desde Granollers y con m\u00e1s de 10 a\u00f1os de experiencia en el sector cervecero, con nuestras cervezas de autor que van desde Lagers suaves hasta sus reconocidas Strong Ales con miel, que han ganado premios internacionales.<\/span><\/p>\n<p>[\/et_pb_text][\/et_pb_column][\/et_pb_row][et_pb_row column_structure=\u00bb1_2,1_2&#8243; _builder_version=\u00bb4.27.0&#8243; _module_preset=\u00bbdefault\u00bb global_colors_info=\u00bb{}\u00bb][et_pb_column type=\u00bb1_2&#8243; _builder_version=\u00bb4.27.0&#8243; _module_preset=\u00bbdefault\u00bb global_colors_info=\u00bb{}\u00bb][et_pb_image src=\u00bbhttps:\/\/cervesers.cat\/wp-content\/uploads\/2024\/09\/lc-2.jpg\u00bb alt=\u00bbLa Canetenca\u00bb title_text=\u00bbLa Canetenca\u00bb align=\u00bbcenter\u00bb _builder_version=\u00bb4.27.0&#8243; _module_preset=\u00bbdefault\u00bb global_colors_info=\u00bb{}\u00bb][\/et_pb_image][\/et_pb_column][et_pb_column type=\u00bb1_2&#8243; _builder_version=\u00bb4.27.0&#8243; _module_preset=\u00bbdefault\u00bb global_colors_info=\u00bb{}\u00bb][et_pb_heading title=\u00bbLa Canetenca\u00bb _builder_version=\u00bb4.27.0&#8243; _module_preset=\u00bbdefault\u00bb title_level=\u00bbh3&#8243; title_font=\u00bb|700|||||||\u00bb global_colors_info=\u00bb{}\u00bb][\/et_pb_heading][et_pb_text _builder_version=\u00bb4.27.0&#8243; _module_preset=\u00bbdefault\u00bb global_colors_info=\u00bb{}\u00bb]<\/p>\n<p><span>Cervezas vinculadas a Canet de Mar, en el Alt Maresme promovemos el pueblo, el patrimonio y la cultura, desde 2015 con cada una de nuestras creaciones; siempre buscando estilos relacionados con el lugar, con entidades o personajes locales. Multipremiada a nivel local e internacional, apostamos mayoritariamente por estilos cl\u00e1sicos y de f\u00e1cil beber.<\/span><\/p>\n<p>[\/et_pb_text][\/et_pb_column][\/et_pb_row][\/et_pb_section][et_pb_section fb_built=\u00bb1&#8243; module_id=\u00bb1&#8243; _builder_version=\u00bb4.27.0&#8243; _module_preset=\u00bbdefault\u00bb global_colors_info=\u00bb{}\u00bb][et_pb_row module_id=\u00bbcontacta\u00bb module_class=\u00bbcontacta\u00bb _builder_version=\u00bb4.27.0&#8243; _module_preset=\u00bbdefault\u00bb global_colors_info=\u00bb{}\u00bb][et_pb_column type=\u00bb4_4&#8243; _builder_version=\u00bb4.27.0&#8243; _module_preset=\u00bbdefault\u00bb global_colors_info=\u00bb{}\u00bb][dvppl_cf7_styler use_form_header=\u00bbon\u00bb form_header_title=\u00bb\u00a1Reserva Tu Experiencia Hoy!\u00bb form_header_text=\u00bbNo esperes m\u00e1s, reserva tu lugar directamente desde nuestra web y vive una experiencia cervecera inolvidable en Barcelona. Te esperamos, ya seas de la ciudad o de cualquier rinc\u00f3n de Catalu\u00f1a.\u00bb cf7=\u00bb149&#8243; module_id=\u00bbFormulario eventos\u00bb _builder_version=\u00bb4.27.0&#8243; _module_preset=\u00bbdefault\u00bb custom_submit_button=\u00bbon\u00bb submit_button_bg_color=\u00bbgcid-728c9091-ba98-4dd8-98d3-852b3f57fee1&#8243; submit_button_border_color=\u00bbgcid-728c9091-ba98-4dd8-98d3-852b3f57fee1&#8243; submit_button_border_radius=\u00bb48px\u00bb global_colors_info=\u00bb{%22gcid-728c9091-ba98-4dd8-98d3-852b3f57fee1%22:%91%22submit_button_bg_color%22,%22submit_button_border_color%22%93}\u00bb][\/dvppl_cf7_styler][\/et_pb_column][\/et_pb_row][\/et_pb_section]<\/p>\n","protected":false},"excerpt":{"rendered":"<p>VIVE LA EXPERIENCIA DE LA CERVEZA ARTESANA FABRICADA EN BARCELONA CON LOS MEJORES PRODUCTOS Y CON LOS MEJORES MAESTROS CERVECEROS DE POBLENOUNosotros nos encargamos de llev\u00e1rtelaDescubre un Recuerdo Delicioso en Poblenou &nbsp; En Cervesers y La Cervecera del Poblenou, situados en el emblem\u00e1tico barrio de Poblenou, en el distrito de Sant Mart\u00ed de Proven\u00e7als, en [&hellip;]<\/p>\n","protected":false},"author":1,"featured_media":0,"parent":0,"menu_order":3,"comment_status":"closed","ping_status":"closed","template":"","meta":{"_et_pb_use_builder":"on","_et_pb_old_content":"","_et_gb_content_width":"","footnotes":""},"class_list":["post-9","page","type-page","status-publish","hentry"],"_links":{"self":[{"href":"https:\/\/cervesers.cat\/es\/wp-json\/wp\/v2\/pages\/9","targetHints":{"allow":["GET"]}}],"collection":[{"href":"https:\/\/cervesers.cat\/es\/wp-json\/wp\/v2\/pages"}],"about":[{"href":"https:\/\/cervesers.cat\/es\/wp-json\/wp\/v2\/types\/page"}],"author":[{"embeddable":true,"href":"https:\/\/cervesers.cat\/es\/wp-json\/wp\/v2\/users\/1"}],"replies":[{"embeddable":true,"href":"https:\/\/cervesers.cat\/es\/wp-json\/wp\/v2\/comments?post=9"}],"version-history":[{"count":47,"href":"https:\/\/cervesers.cat\/es\/wp-json\/wp\/v2\/pages\/9\/revisions"}],"predecessor-version":[{"id":1277,"href":"https:\/\/cervesers.cat\/es\/wp-json\/wp\/v2\/pages\/9\/revisions\/1277"}],"wp:attachment":[{"href":"https:\/\/cervesers.cat\/es\/wp-json\/wp\/v2\/media?parent=9"}],"curies":[{"name":"wp","href":"https:\/\/api.w.org\/{rel}","templated":true}]}}